{"id":83,"date":"2025-03-26T18:31:15","date_gmt":"2025-03-26T17:31:15","guid":{"rendered":"https:\/\/eny.korbelovalhota.cz\/?page_id=83"},"modified":"2025-04-02T21:23:14","modified_gmt":"2025-04-02T19:23:14","slug":"tema-jaro","status":"publish","type":"page","link":"https:\/\/eny.korbelovalhota.cz\/?page_id=83","title":{"rendered":"T\u00e9ma: Jaro"},"content":{"rendered":"\n<p class=\"has-text-align-center\">                                               Zde naleznete pracovn\u00ed listy ke sta\u017een\u00ed.<\/p>\n\n\n\n<div class=\"wp-block-group alignfull has-global-padding is-layout-constrained wp-container-core-group-is-layout-b25ccd55 wp-block-group-is-layout-constrained\" style=\"margin-top:0;margin-bottom:0;padding-top:var(--wp--preset--spacing--50);padding-right:var(--wp--preset--spacing--50);padding-bottom:var(--wp--preset--spacing--50);padding-left:var(--wp--preset--spacing--50)\">\n<div class=\"wp-block-columns alignwide is-layout-flex wp-container-core-columns-is-layout-ff4b9c61 wp-block-columns-is-layout-flex\" style=\"margin-top:0;margin-bottom:0\">\n<div class=\"wp-block-column is-layout-flow wp-container-core-column-is-layout-8a368f38 wp-block-column-is-layout-flow\">\n<figure class=\"wp-block-gallery has-nested-images columns-default is-cropped wp-block-gallery-3 is-layout-flex wp-block-gallery-is-layout-flex\">\n<figure class=\"wp-block-image size-large is-style-rounded wp-duotone-unset-2 is-style-rounded--1\"><img loading=\"lazy\" decoding=\"async\" width=\"724\" height=\"1024\" data-id=\"73\" src=\"https:\/\/eny.korbelovalhota.cz\/wp-content\/uploads\/2025\/03\/Instagram-724x1024.jpg\" alt=\"\" class=\"wp-image-73\" style=\"aspect-ratio:3\/4;object-fit:cover\" srcset=\"https:\/\/eny.korbelovalhota.cz\/wp-content\/uploads\/2025\/03\/Instagram-724x1024.jpg 724w, https:\/\/eny.korbelovalhota.cz\/wp-content\/uploads\/2025\/03\/Instagram-212x300.jpg 212w, https:\/\/eny.korbelovalhota.cz\/wp-content\/uploads\/2025\/03\/Instagram-768x1086.jpg 768w, https:\/\/eny.korbelovalhota.cz\/wp-content\/uploads\/2025\/03\/Instagram-1086x1536.jpg 1086w, https:\/\/eny.korbelovalhota.cz\/wp-content\/uploads\/2025\/03\/Instagram.jpg 1414w\" sizes=\"auto, (max-width: 724px) 100vw, 724px\" \/><\/figure>\n<\/figure>\n\n\n\n<div class=\"wp-block-buttons is-content-justification-center is-layout-flex wp-container-core-buttons-is-layout-a89b3969 wp-block-buttons-is-layout-flex\">\n<div class=\"wp-block-button\"><a class=\"wp-block-button__link wp-element-button\" href=\"https:\/\/eny.korbelovalhota.cz\/wp-content\/uploads\/2025\/03\/Vcelky.pdf\">V\u010delky<\/a><\/div>\n<\/div>\n<\/div>\n\n\n\n<div class=\"wp-block-column is-layout-flow wp-container-core-column-is-layout-8a368f38 wp-block-column-is-layout-flow\">\n<figure class=\"wp-block-image aligncenter size-large is-style-rounded wp-duotone-unset-5 is-style-rounded--4\"><img loading=\"lazy\" decoding=\"async\" width=\"724\" height=\"1024\" src=\"https:\/\/eny.korbelovalhota.cz\/wp-content\/uploads\/2025\/03\/Jaro-je-tu-724x1024.jpg\" alt=\"\" class=\"wp-image-75\" style=\"aspect-ratio:3\/4;object-fit:cover\" srcset=\"https:\/\/eny.korbelovalhota.cz\/wp-content\/uploads\/2025\/03\/Jaro-je-tu-724x1024.jpg 724w, https:\/\/eny.korbelovalhota.cz\/wp-content\/uploads\/2025\/03\/Jaro-je-tu-212x300.jpg 212w, https:\/\/eny.korbelovalhota.cz\/wp-content\/uploads\/2025\/03\/Jaro-je-tu-768x1086.jpg 768w, https:\/\/eny.korbelovalhota.cz\/wp-content\/uploads\/2025\/03\/Jaro-je-tu-1086x1536.jpg 1086w, https:\/\/eny.korbelovalhota.cz\/wp-content\/uploads\/2025\/03\/Jaro-je-tu.jpg 1200w\" sizes=\"auto, (max-width: 724px) 100vw, 724px\" \/><\/figure>\n\n\n\n<div class=\"wp-block-buttons is-content-justification-center is-layout-flex wp-container-core-buttons-is-layout-a89b3969 wp-block-buttons-is-layout-flex\">\n<div class=\"wp-block-button\"><a class=\"wp-block-button__link wp-element-button\" href=\"https:\/\/eny.korbelovalhota.cz\/wp-content\/uploads\/2025\/03\/Jaro-je-tu.jpg\">Jaro je tu <\/a><\/div>\n<\/div>\n<\/div>\n\n\n\n<div class=\"wp-block-column is-layout-flow wp-container-core-column-is-layout-8a368f38 wp-block-column-is-layout-flow\">\n\n\n<div style=\"height:var(--wp--preset--spacing--50)\" aria-hidden=\"true\" class=\"wp-block-spacer\"><\/div>\n<\/div>\n\n\n\n<div class=\"wp-block-column is-layout-flow wp-container-core-column-is-layout-8a368f38 wp-block-column-is-layout-flow\">\n<div style=\"height:var(--wp--preset--spacing--50)\" aria-hidden=\"true\" class=\"wp-block-spacer\"><\/div>\n\n\n\n<div style=\"height:var(--wp--preset--spacing--50)\" aria-hidden=\"true\" class=\"wp-block-spacer\"><\/div>\n\n\n\n<div style=\"height:var(--wp--preset--spacing--50)\" aria-hidden=\"true\" class=\"wp-block-spacer\"><\/div>\n<\/div>\n<\/div>\n<\/div>\n\n\n\n<p><\/p>\n","protected":false},"excerpt":{"rendered":"<p>Zde naleznete pracovn\u00ed listy ke sta\u017een\u00ed.<\/p>\n","protected":false},"author":1,"featured_media":0,"parent":0,"menu_order":0,"comment_status":"closed","ping_status":"closed","template":"","meta":{"footnotes":""},"class_list":["post-83","page","type-page","status-publish","hentry"],"_links":{"self":[{"href":"https:\/\/eny.korbelovalhota.cz\/index.php?rest_route=\/wp\/v2\/pages\/83","targetHints":{"allow":["GET"]}}],"collection":[{"href":"https:\/\/eny.korbelovalhota.cz\/index.php?rest_route=\/wp\/v2\/pages"}],"about":[{"href":"https:\/\/eny.korbelovalhota.cz\/index.php?rest_route=\/wp\/v2\/types\/page"}],"author":[{"embeddable":true,"href":"https:\/\/eny.korbelovalhota.cz\/index.php?rest_route=\/wp\/v2\/users\/1"}],"replies":[{"embeddable":true,"href":"https:\/\/eny.korbelovalhota.cz\/index.php?rest_route=%2Fwp%2Fv2%2Fcomments&post=83"}],"version-history":[{"count":5,"href":"https:\/\/eny.korbelovalhota.cz\/index.php?rest_route=\/wp\/v2\/pages\/83\/revisions"}],"predecessor-version":[{"id":100,"href":"https:\/\/eny.korbelovalhota.cz\/index.php?rest_route=\/wp\/v2\/pages\/83\/revisions\/100"}],"wp:attachment":[{"href":"https:\/\/eny.korbelovalhota.cz\/index.php?rest_route=%2Fwp%2Fv2%2Fmedia&parent=83"}],"curies":[{"name":"wp","href":"https:\/\/api.w.org\/{rel}","templated":true}]}}