{"id":32,"date":"2025-03-03T19:10:22","date_gmt":"2025-03-03T18:10:22","guid":{"rendered":"https:\/\/eny.korbelovalhota.cz\/?page_id=32"},"modified":"2025-03-26T18:35:26","modified_gmt":"2025-03-26T17:35:26","slug":"tema-telo-a-smysly","status":"publish","type":"page","link":"https:\/\/eny.korbelovalhota.cz\/?page_id=32","title":{"rendered":"T\u00e9ma: T\u011blo a smysly"},"content":{"rendered":"\n<p class=\"has-text-align-center\">Zde naleznete pracovn\u00ed listy ke sta\u017een\u00ed.<\/p>\n\n\n\n<div class=\"wp-block-group alignfull has-global-padding is-layout-constrained wp-container-core-group-is-layout-b25ccd55 wp-block-group-is-layout-constrained\" style=\"margin-top:0;margin-bottom:0;padding-top:var(--wp--preset--spacing--50);padding-right:var(--wp--preset--spacing--50);padding-bottom:var(--wp--preset--spacing--50);padding-left:var(--wp--preset--spacing--50)\">\n<div class=\"wp-block-columns alignwide is-layout-flex wp-container-core-columns-is-layout-ff4b9c61 wp-block-columns-is-layout-flex\" style=\"margin-top:0;margin-bottom:0\">\n<div class=\"wp-block-column is-layout-flow wp-container-core-column-is-layout-8a368f38 wp-block-column-is-layout-flow\">\n<figure class=\"wp-block-image size-large is-style-default wp-duotone-unset-1\"><img loading=\"lazy\" decoding=\"async\" width=\"724\" height=\"1024\" src=\"https:\/\/eny.korbelovalhota.cz\/wp-content\/uploads\/2025\/03\/Instagram-1-1-724x1024.jpg\" alt=\"\" class=\"wp-image-34\" srcset=\"https:\/\/eny.korbelovalhota.cz\/wp-content\/uploads\/2025\/03\/Instagram-1-1-724x1024.jpg 724w, https:\/\/eny.korbelovalhota.cz\/wp-content\/uploads\/2025\/03\/Instagram-1-1-212x300.jpg 212w, https:\/\/eny.korbelovalhota.cz\/wp-content\/uploads\/2025\/03\/Instagram-1-1-768x1086.jpg 768w, https:\/\/eny.korbelovalhota.cz\/wp-content\/uploads\/2025\/03\/Instagram-1-1-1086x1536.jpg 1086w, https:\/\/eny.korbelovalhota.cz\/wp-content\/uploads\/2025\/03\/Instagram-1-1.jpg 1414w\" sizes=\"auto, (max-width: 724px) 100vw, 724px\" \/><\/figure>\n\n\n\n<div class=\"wp-block-buttons is-content-justification-center is-layout-flex wp-container-core-buttons-is-layout-a89b3969 wp-block-buttons-is-layout-flex\">\n<div class=\"wp-block-button\"><a class=\"wp-block-button__link wp-element-button\" href=\"https:\/\/eny.korbelovalhota.cz\/wp-content\/uploads\/2025\/03\/Smysly.pdf\">Smysly<\/a><\/div>\n<\/div>\n<\/div>\n\n\n\n<div class=\"wp-block-column is-layout-flow wp-container-core-column-is-layout-8a368f38 wp-block-column-is-layout-flow\">\n<figure class=\"wp-block-image size-large is-style-rounded wp-duotone-unset-3 is-style-rounded--2\"><img loading=\"lazy\" decoding=\"async\" width=\"724\" height=\"1024\" src=\"https:\/\/eny.korbelovalhota.cz\/wp-content\/uploads\/2025\/03\/c9acf641b20e2f42bc2c9632a14cab69-724x1024.jpg\" alt=\"\" class=\"wp-image-35\" srcset=\"https:\/\/eny.korbelovalhota.cz\/wp-content\/uploads\/2025\/03\/c9acf641b20e2f42bc2c9632a14cab69-724x1024.jpg 724w, https:\/\/eny.korbelovalhota.cz\/wp-content\/uploads\/2025\/03\/c9acf641b20e2f42bc2c9632a14cab69-212x300.jpg 212w, https:\/\/eny.korbelovalhota.cz\/wp-content\/uploads\/2025\/03\/c9acf641b20e2f42bc2c9632a14cab69.jpg 735w\" sizes=\"auto, (max-width: 724px) 100vw, 724px\" \/><\/figure>\n\n\n\n<div class=\"wp-block-buttons is-content-justification-center is-layout-flex wp-container-core-buttons-is-layout-a89b3969 wp-block-buttons-is-layout-flex\">\n<div class=\"wp-block-button\"><a class=\"wp-block-button__link wp-element-button\" href=\"https:\/\/eny.korbelovalhota.cz\/wp-content\/uploads\/2025\/03\/Kosti.pdf\">Kosti<\/a><\/div>\n<\/div>\n<\/div>\n\n\n\n<div class=\"wp-block-column is-layout-flow wp-container-core-column-is-layout-8a368f38 wp-block-column-is-layout-flow\">\n<figure class=\"wp-block-image size-large is-style-rounded wp-duotone-unset-5 is-style-rounded--4\"><img loading=\"lazy\" decoding=\"async\" width=\"724\" height=\"1024\" src=\"https:\/\/eny.korbelovalhota.cz\/wp-content\/uploads\/2025\/03\/bc540fe84fe6d4c00e8eee61daaa084d-724x1024.jpg\" alt=\"\" class=\"wp-image-36\" srcset=\"https:\/\/eny.korbelovalhota.cz\/wp-content\/uploads\/2025\/03\/bc540fe84fe6d4c00e8eee61daaa084d-724x1024.jpg 724w, https:\/\/eny.korbelovalhota.cz\/wp-content\/uploads\/2025\/03\/bc540fe84fe6d4c00e8eee61daaa084d-212x300.jpg 212w, https:\/\/eny.korbelovalhota.cz\/wp-content\/uploads\/2025\/03\/bc540fe84fe6d4c00e8eee61daaa084d.jpg 735w\" sizes=\"auto, (max-width: 724px) 100vw, 724px\" \/><\/figure>\n\n\n\n<div class=\"wp-block-buttons is-content-justification-center is-layout-flex wp-container-core-buttons-is-layout-a89b3969 wp-block-buttons-is-layout-flex\">\n<div class=\"wp-block-button\"><a class=\"wp-block-button__link has-text-align-center wp-element-button\" href=\"https:\/\/eny.korbelovalhota.cz\/wp-content\/uploads\/2025\/03\/Rentgen.pdf\">Rentgen<\/a><\/div>\n<\/div>\n<\/div>\n\n\n\n<div class=\"wp-block-column is-layout-flow wp-container-core-column-is-layout-8a368f38 wp-block-column-is-layout-flow\">\n<figure class=\"wp-block-image size-full is-style-rounded wp-duotone-unset-7 is-style-rounded--6\"><img loading=\"lazy\" decoding=\"async\" width=\"693\" height=\"980\" src=\"https:\/\/eny.korbelovalhota.cz\/wp-content\/uploads\/2025\/03\/b5ab3a8bd33c89feea5d9a87b62226f4.jpg\" alt=\"\" class=\"wp-image-37\" srcset=\"https:\/\/eny.korbelovalhota.cz\/wp-content\/uploads\/2025\/03\/b5ab3a8bd33c89feea5d9a87b62226f4.jpg 693w, https:\/\/eny.korbelovalhota.cz\/wp-content\/uploads\/2025\/03\/b5ab3a8bd33c89feea5d9a87b62226f4-212x300.jpg 212w\" sizes=\"auto, (max-width: 693px) 100vw, 693px\" \/><\/figure>\n\n\n\n<div class=\"wp-block-buttons is-content-justification-center is-layout-flex wp-container-core-buttons-is-layout-a89b3969 wp-block-buttons-is-layout-flex\">\n<div class=\"wp-block-button\"><a class=\"wp-block-button__link has-text-align-center wp-element-button\" href=\"https:\/\/eny.korbelovalhota.cz\/wp-content\/uploads\/2025\/03\/Organy-.pdf\">Org\u00e1ny<\/a><\/div>\n<\/div>\n<\/div>\n<\/div>\n<\/div>\n\n\n\n<div class=\"wp-block-buttons is-layout-flex wp-block-buttons-is-layout-flex\"><\/div>\n\n\n\n<p><\/p>\n","protected":false},"excerpt":{"rendered":"<p>Zde naleznete pracovn\u00ed listy ke sta\u017een\u00ed.<\/p>\n","protected":false},"author":1,"featured_media":0,"parent":0,"menu_order":0,"comment_status":"closed","ping_status":"closed","template":"","meta":{"footnotes":""},"class_list":["post-32","page","type-page","status-publish","hentry"],"_links":{"self":[{"href":"https:\/\/eny.korbelovalhota.cz\/index.php?rest_route=\/wp\/v2\/pages\/32","targetHints":{"allow":["GET"]}}],"collection":[{"href":"https:\/\/eny.korbelovalhota.cz\/index.php?rest_route=\/wp\/v2\/pages"}],"about":[{"href":"https:\/\/eny.korbelovalhota.cz\/index.php?rest_route=\/wp\/v2\/types\/page"}],"author":[{"embeddable":true,"href":"https:\/\/eny.korbelovalhota.cz\/index.php?rest_route=\/wp\/v2\/users\/1"}],"replies":[{"embeddable":true,"href":"https:\/\/eny.korbelovalhota.cz\/index.php?rest_route=%2Fwp%2Fv2%2Fcomments&post=32"}],"version-history":[{"count":7,"href":"https:\/\/eny.korbelovalhota.cz\/index.php?rest_route=\/wp\/v2\/pages\/32\/revisions"}],"predecessor-version":[{"id":94,"href":"https:\/\/eny.korbelovalhota.cz\/index.php?rest_route=\/wp\/v2\/pages\/32\/revisions\/94"}],"wp:attachment":[{"href":"https:\/\/eny.korbelovalhota.cz\/index.php?rest_route=%2Fwp%2Fv2%2Fmedia&parent=32"}],"curies":[{"name":"wp","href":"https:\/\/api.w.org\/{rel}","templated":true}]}}